{"id":26499,"date":"2025-02-14T10:01:15","date_gmt":"2025-02-14T09:01:15","guid":{"rendered":"https:\/\/www.watchinsanity.it\/?post_type=product&#038;p=26499"},"modified":"2026-02-27T14:25:34","modified_gmt":"2026-02-27T13:25:34","slug":"lange-sohne-lange-1-time-zone-ref-136-029","status":"publish","type":"product","link":"https:\/\/www.watchinsanity.it\/en\/prodotto\/lange-sohne-lange-1-time-zone-ref-136-029\/","title":{"rendered":"A. Lange &#038; S\u00f6hne Lange 1 Time Zone Ref. 136.029"},"content":{"rendered":"<p>The Lange 1 Time Zone, likely thanks to the customization options afforded by its city ring, has the most variations within the A. Lange &#038; S\u00f6hne collection. Since its debut in 2005 and until its update in 2020, this world timer watch has been available in over 20 different editions, with variations in case material, dial color, city ring, and bracelet and strap options. Despite these differences, all models share the same case and movement design.<\/p>\n<p>The Lange 1 Time Zone measures 41.9 mm in diameter and 11 mm thick, making it 3.4 mm wider and 1.2 mm thicker than the standard Lange 1. The extra width accommodates the city ring, while the additional thickness is due to the second time zone mechanism. The proportions are balanced, allowing the timepiece to sit comfortably on the wrist. The watch featured here is a white gold ref. 136.029 circa 2020; reflects the craftsmanship of A. Lange &#038; S\u00f6hne and is constructed in three parts with alternating finishes. The caseback ring and bezel are polished, while the case middle features a contrasting brushed finish. The watch is powered by the calibre L141.1, a manually wound manufacture movement that beats at 21,600 vibrations per hour and offers 72 hours of power reserve, whose functional and aesthetic feature is the city ring, adjustable by pressing the pusher at 8 o\u2019clock. The calibre is visible through the sapphire crystal caseback and is pure Saxon watchmaking art with blued screws, a nickel silver three-quarter plate, a mirror-polished swan-neck regulator and no less than two hand-engraved bridges. This Lange 1 Time Zone is offered with its original box and the relevant A. Lange &#038; S\u00f6hne extract from the archives.<\/p>\n","protected":false},"excerpt":{"rendered":"<p>Circa 2020, this A. Lange &#038; S\u00f6hne Lange 1 Time Zone has a 41.9 mm white gold case and features a beautiful deep black dial, packed with information: in addition to the hour and minute counter, we find the large date at 2 o&#8217;clock, the power reserve indicator at 3 o&#8217;clock, the second time zone counter at 5 o&#8217;clock and the city ring on the periphery. Compared to the versions prior to 2020, this reference has introduced the daylight saving time indicator: a red zone under the city pointer on the second time zone dial indicates whether the selected city is observing daylight saving time or not. The watch is powered by the hand-wound L141.1 caliber with 21,600 vibrations\/hour and 72 hours of power reserve and is offered with its original box and the A. Lange &#038; S\u00f6hne archive extract.<\/p>\n","protected":false},"featured_media":26510,"template":"","meta":[],"product_brand":[],"product_cat":[910,875],"product_tag":[911,942,941,946],"class_list":{"0":"post-26499","1":"product","2":"type-product","3":"status-publish","4":"has-post-thumbnail","6":"product_cat-a-lange-sohne","7":"product_cat-pre-loved","8":"product_tag-a-lange-sohne","9":"product_tag-big-date","10":"product_tag-gold","11":"product_tag-time-zone","13":"first","14":"outofstock","15":"shipping-taxable","16":"purchasable","17":"product-type-simple"},"yoast_head":"<!-- This site is optimized with the Yoast SEO plugin v27.2 - https:\/\/yoast.com\/product\/yoast-seo-wordpress\/ -->\n<title>A. Lange &amp; S\u00f6hne: Lange 1 Time Zone | WATCH INSANITY Pre-Loved<\/title>\n<meta name=\"description\" content=\"A. Lange &amp; S\u00f6hne Lange 1 Time Zone Ref.136.029 with 42mm white gold case, black dial and manually wound manufacture caliber.\" \/>\n<meta name=\"robots\" content=\"index,follow\" \/>\n<link rel=\"canonical\" href=\"https:\/\/www.watchinsanity.it\/en\/prodotto\/lange-sohne-lange-1-time-zone-ref-136-029\/\" \/>\n<meta property=\"og:locale\" content=\"en_US\" \/>\n<meta property=\"og:locale:alternate\" content=\"it_IT\" \/>\n<meta property=\"og:type\" content=\"article\" \/>\n<meta property=\"og:title\" content=\"A. Lange &amp; S\u00f6hne: Lange 1 Time Zone | WATCH INSANITY Pre-Loved\" \/>\n<meta property=\"og:description\" content=\"A. Lange &amp; S\u00f6hne Lange 1 Time Zone Ref.136.029 with 42mm white gold case, black dial and manually wound manufacture caliber.\" \/>\n<meta property=\"og:url\" content=\"https:\/\/www.watchinsanity.it\/en\/prodotto\/lange-sohne-lange-1-time-zone-ref-136-029\/\" \/>\n<meta property=\"og:site_name\" content=\"WATCH INSANITY\" \/>\n<meta property=\"article:publisher\" content=\"https:\/\/www.facebook.com\/WatchInsanity\/?ref=bookmarks\" \/>\n<meta property=\"article:modified_time\" content=\"2026-02-27T13:25:34+00:00\" \/>\n<meta property=\"og:image\" content=\"https:\/\/www.watchinsanity.it\/wp-content\/uploads\/2025\/07\/ALS_Lange1_Time_Zone_Watch_Insanity_Pre_Loved_01.jpg\" \/>\n\t<meta property=\"og:image:width\" content=\"1000\" \/>\n\t<meta property=\"og:image:height\" content=\"1000\" \/>\n\t<meta property=\"og:image:type\" content=\"image\/jpeg\" \/>\n<meta name=\"twitter:card\" content=\"summary_large_image\" \/>\n<meta name=\"twitter:site\" content=\"@watchinsanity\" \/>\n<meta name=\"twitter:label1\" content=\"Est. reading time\" \/>\n\t<meta name=\"twitter:data1\" content=\"2 minutes\" \/>\n<script type=\"application\/ld+json\" class=\"yoast-schema-graph\">{\"@context\":\"https:\/\/schema.org\",\"@graph\":[{\"@type\":\"WebPage\",\"@id\":\"https:\/\/www.watchinsanity.it\/prodotto\/lange-sohne-lange-1-time-zone-ref-136-029\/\",\"url\":\"https:\/\/www.watchinsanity.it\/prodotto\/lange-sohne-lange-1-time-zone-ref-136-029\/\",\"name\":\"A. Lange & S\u00f6hne: Lange 1 Time Zone | WATCH INSANITY Pre-Loved\",\"isPartOf\":{\"@id\":\"https:\/\/www.watchinsanity.it\/#website\"},\"primaryImageOfPage\":{\"@id\":\"https:\/\/www.watchinsanity.it\/prodotto\/lange-sohne-lange-1-time-zone-ref-136-029\/#primaryimage\"},\"image\":{\"@id\":\"https:\/\/www.watchinsanity.it\/prodotto\/lange-sohne-lange-1-time-zone-ref-136-029\/#primaryimage\"},\"thumbnailUrl\":\"https:\/\/www.watchinsanity.it\/wp-content\/uploads\/2025\/07\/ALS_Lange1_Time_Zone_Watch_Insanity_Pre_Loved_01.jpg\",\"datePublished\":\"2025-02-14T09:01:15+00:00\",\"dateModified\":\"2026-02-27T13:25:34+00:00\",\"description\":\"A. Lange & S\u00f6hne Lange 1 Time Zone Ref.136.029 with 42mm white gold case, black dial and manually wound manufacture caliber.\",\"breadcrumb\":{\"@id\":\"https:\/\/www.watchinsanity.it\/prodotto\/lange-sohne-lange-1-time-zone-ref-136-029\/#breadcrumb\"},\"inLanguage\":\"en-US\",\"potentialAction\":[{\"@type\":\"ReadAction\",\"target\":[\"https:\/\/www.watchinsanity.it\/prodotto\/lange-sohne-lange-1-time-zone-ref-136-029\/\"]}]},{\"@type\":\"ImageObject\",\"inLanguage\":\"en-US\",\"@id\":\"https:\/\/www.watchinsanity.it\/prodotto\/lange-sohne-lange-1-time-zone-ref-136-029\/#primaryimage\",\"url\":\"https:\/\/www.watchinsanity.it\/wp-content\/uploads\/2025\/07\/ALS_Lange1_Time_Zone_Watch_Insanity_Pre_Loved_01.jpg\",\"contentUrl\":\"https:\/\/www.watchinsanity.it\/wp-content\/uploads\/2025\/07\/ALS_Lange1_Time_Zone_Watch_Insanity_Pre_Loved_01.jpg\",\"width\":1000,\"height\":1000},{\"@type\":\"BreadcrumbList\",\"@id\":\"https:\/\/www.watchinsanity.it\/prodotto\/lange-sohne-lange-1-time-zone-ref-136-029\/#breadcrumb\",\"itemListElement\":[{\"@type\":\"ListItem\",\"position\":1,\"name\":\"Home\",\"item\":\"https:\/\/www.watchinsanity.it\/en\/\"},{\"@type\":\"ListItem\",\"position\":2,\"name\":\"Shop\",\"item\":\"https:\/\/www.watchinsanity.it\/?page_id=19111\"},{\"@type\":\"ListItem\",\"position\":3,\"name\":\"A. Lange &#038; S\u00f6hne Lange 1 Time Zone Ref.136.029\"}]},{\"@type\":\"WebSite\",\"@id\":\"https:\/\/www.watchinsanity.it\/#website\",\"url\":\"https:\/\/www.watchinsanity.it\/\",\"name\":\"WATCH INSANITY\",\"description\":\"The leading Italian watch magazine\",\"potentialAction\":[{\"@type\":\"SearchAction\",\"target\":{\"@type\":\"EntryPoint\",\"urlTemplate\":\"https:\/\/www.watchinsanity.it\/?s={search_term_string}\"},\"query-input\":{\"@type\":\"PropertyValueSpecification\",\"valueRequired\":true,\"valueName\":\"search_term_string\"}}],\"inLanguage\":\"en-US\"}]}<\/script>\n<!-- \/ Yoast SEO plugin. -->","yoast_head_json":{"title":"A. Lange & S\u00f6hne: Lange 1 Time Zone | WATCH INSANITY Pre-Loved","description":"A. Lange & S\u00f6hne Lange 1 Time Zone Ref.136.029 with 42mm white gold case, black dial and manually wound manufacture caliber.","robots":{"index,follow":"index,follow"},"canonical":"https:\/\/www.watchinsanity.it\/en\/prodotto\/lange-sohne-lange-1-time-zone-ref-136-029\/","og_locale":"en_US","og_type":"article","og_title":"[:it]A. Lange & S\u00f6hne: Lange 1 Time Zone | WATCH INSANITY Pre-Loved[:en]A. Lange & S\u00f6hne: Lange 1 Time Zone | WATCH INSANITY Pre-Loved[:]","og_description":"[:it]A. Lange & S\u00f6hne Lange 1 Time Zone Ref.136.029 con cassa da 42mm in oro bianco, quadrante nero e calibro di manifattura a carica manuale.[:en]A. Lange & S\u00f6hne Lange 1 Time Zone Ref.136.029 with 42mm white gold case, black dial and manually wound manufacture caliber.[:]","og_url":"https:\/\/www.watchinsanity.it\/en\/prodotto\/lange-sohne-lange-1-time-zone-ref-136-029\/","og_site_name":"WATCH INSANITY","article_publisher":"https:\/\/www.facebook.com\/WatchInsanity\/?ref=bookmarks","article_modified_time":"2026-02-27T13:25:34+00:00","og_image":[{"width":1000,"height":1000,"url":"https:\/\/www.watchinsanity.it\/wp-content\/uploads\/2025\/07\/ALS_Lange1_Time_Zone_Watch_Insanity_Pre_Loved_01.jpg","type":"image\/jpeg"}],"twitter_card":"summary_large_image","twitter_site":"@watchinsanity","twitter_misc":{"Est. reading time":"2 minutes"},"schema":{"@context":"https:\/\/schema.org","@graph":[{"@type":"WebPage","@id":"https:\/\/www.watchinsanity.it\/prodotto\/lange-sohne-lange-1-time-zone-ref-136-029\/","url":"https:\/\/www.watchinsanity.it\/prodotto\/lange-sohne-lange-1-time-zone-ref-136-029\/","name":"A. Lange & S\u00f6hne: Lange 1 Time Zone | WATCH INSANITY Pre-Loved","isPartOf":{"@id":"https:\/\/www.watchinsanity.it\/#website"},"primaryImageOfPage":{"@id":"https:\/\/www.watchinsanity.it\/prodotto\/lange-sohne-lange-1-time-zone-ref-136-029\/#primaryimage"},"image":{"@id":"https:\/\/www.watchinsanity.it\/prodotto\/lange-sohne-lange-1-time-zone-ref-136-029\/#primaryimage"},"thumbnailUrl":"https:\/\/www.watchinsanity.it\/wp-content\/uploads\/2025\/07\/ALS_Lange1_Time_Zone_Watch_Insanity_Pre_Loved_01.jpg","datePublished":"2025-02-14T09:01:15+00:00","dateModified":"2026-02-27T13:25:34+00:00","description":"A. Lange & S\u00f6hne Lange 1 Time Zone Ref.136.029 with 42mm white gold case, black dial and manually wound manufacture caliber.","breadcrumb":{"@id":"https:\/\/www.watchinsanity.it\/prodotto\/lange-sohne-lange-1-time-zone-ref-136-029\/#breadcrumb"},"inLanguage":"en-US","potentialAction":[{"@type":"ReadAction","target":["https:\/\/www.watchinsanity.it\/prodotto\/lange-sohne-lange-1-time-zone-ref-136-029\/"]}]},{"@type":"ImageObject","inLanguage":"en-US","@id":"https:\/\/www.watchinsanity.it\/prodotto\/lange-sohne-lange-1-time-zone-ref-136-029\/#primaryimage","url":"https:\/\/www.watchinsanity.it\/wp-content\/uploads\/2025\/07\/ALS_Lange1_Time_Zone_Watch_Insanity_Pre_Loved_01.jpg","contentUrl":"https:\/\/www.watchinsanity.it\/wp-content\/uploads\/2025\/07\/ALS_Lange1_Time_Zone_Watch_Insanity_Pre_Loved_01.jpg","width":1000,"height":1000},{"@type":"BreadcrumbList","@id":"https:\/\/www.watchinsanity.it\/prodotto\/lange-sohne-lange-1-time-zone-ref-136-029\/#breadcrumb","itemListElement":[{"@type":"ListItem","position":1,"name":"Home","item":"https:\/\/www.watchinsanity.it\/en\/"},{"@type":"ListItem","position":2,"name":"Shop","item":"https:\/\/www.watchinsanity.it\/?page_id=19111"},{"@type":"ListItem","position":3,"name":"A. Lange &#038; S\u00f6hne Lange 1 Time Zone Ref.136.029"}]},{"@type":"WebSite","@id":"https:\/\/www.watchinsanity.it\/#website","url":"https:\/\/www.watchinsanity.it\/","name":"WATCH INSANITY","description":"The leading Italian watch magazine","potentialAction":[{"@type":"SearchAction","target":{"@type":"EntryPoint","urlTemplate":"https:\/\/www.watchinsanity.it\/?s={search_term_string}"},"query-input":{"@type":"PropertyValueSpecification","valueRequired":true,"valueName":"search_term_string"}}],"inLanguage":"en-US"}]}},"_links":{"self":[{"href":"https:\/\/www.watchinsanity.it\/en\/wp-json\/wp\/v2\/product\/26499","targetHints":{"allow":["GET"]}}],"collection":[{"href":"https:\/\/www.watchinsanity.it\/en\/wp-json\/wp\/v2\/product"}],"about":[{"href":"https:\/\/www.watchinsanity.it\/en\/wp-json\/wp\/v2\/types\/product"}],"wp:featuredmedia":[{"embeddable":true,"href":"https:\/\/www.watchinsanity.it\/en\/wp-json\/wp\/v2\/media\/26510"}],"wp:attachment":[{"href":"https:\/\/www.watchinsanity.it\/en\/wp-json\/wp\/v2\/media?parent=26499"}],"wp:term":[{"taxonomy":"product_brand","embeddable":true,"href":"https:\/\/www.watchinsanity.it\/en\/wp-json\/wp\/v2\/product_brand?post=26499"},{"taxonomy":"product_cat","embeddable":true,"href":"https:\/\/www.watchinsanity.it\/en\/wp-json\/wp\/v2\/product_cat?post=26499"},{"taxonomy":"product_tag","embeddable":true,"href":"https:\/\/www.watchinsanity.it\/en\/wp-json\/wp\/v2\/product_tag?post=26499"}],"curies":[{"name":"wp","href":"https:\/\/api.w.org\/{rel}","templated":true}]}}