{"id":25465,"date":"2025-02-12T10:49:58","date_gmt":"2025-02-12T09:49:58","guid":{"rendered":"https:\/\/www.watchinsanity.it\/en\/?post_type=product&#038;p=25465"},"modified":"2026-02-27T14:14:10","modified_gmt":"2026-02-27T13:14:10","slug":"lange-sohne-langematik-308-032","status":"publish","type":"product","link":"https:\/\/www.watchinsanity.it\/en\/prodotto\/lange-sohne-langematik-308-032\/","title":{"rendered":"A. Lange &#038; S\u00f6hne Langematik Ref.308.032"},"content":{"rendered":"<p>The first automatic watch from A. Lange &#038; S\u00f6hne, the Langematik, was presented in 1997. The two versions in which it was offered, with or without the large date, resulted in a difference in case dimensions: the Langematik without date measured 36.8 mm in diameter and 8.2 mm thick, the Grand Date was slightly larger and thicker: 37 mm and 9.7 mm. Consequently, the calibers had different references: L921.2 for the version without date and L921.4 for the version with the large date, like the one proposed here, a Ref. 308.032 dating back to around 2005.<\/p>\n<p>Made of rose gold, it stands out for its clear and luminescent hands and elongated baton indexes. Their dimensions and the consequent use of space on the dial are very harmonious. The blued seconds hand adds just the right touch of color to the silver dial, differentiating itself from the hour and minute hands. Completely symmetrical, the Sax-0-Mat writing at 4 o\u2019clock adds just the right touch of class to what is one of the brand\u2019s first sporty-elegant watches. It was in fact the first Lange that was not afraid to bring an unconventional touch to the brand\u2019s collections. It is therefore an extremely versatile watch, sometimes very elegant on the wrist and casual when necessary, thanks to its compact size of 37 mm. It is powered by the automatic caliber L921.4 with gold micromotor, which works at 21,600 vibrations\/hour and offers 46 hours of power reserve. It is visible through the sapphire crystal caseback.<\/p>\n<p>The overall condition of the watch is excellent and the set is complete, with original box and guarantee. This Langematik is equipped with a black alligator leather strap with a rose gold buckle signed A. Lange &#038; S\u00f6hne.<\/p>\n","protected":false},"excerpt":{"rendered":"<p style=\"font-weight: 400;\">Circa 2005, this A. Lange &#038; S\u00f6hne Langematik has a 37 mm rose gold case and features a beautiful silver dial that stands out for its clear hands and elongated baton indexes. Their size and use of space on the dial are very harmonious. The blued seconds hand adds just the right touch of color to the dial, differentiating itself from the hour and minute hands. Completely symmetrical, the Sax-0-Mat inscription at 4 o\u2019clock gives the right touch of class to what is one of the first sport-elegant watches of the brand. The condition is excellent, the set is complete.<\/p>\n","protected":false},"featured_media":25474,"template":"","meta":[],"product_brand":[],"product_cat":[910,875],"product_tag":[911,942,941],"class_list":{"0":"post-25465","1":"product","2":"type-product","3":"status-publish","4":"has-post-thumbnail","6":"product_cat-a-lange-sohne","7":"product_cat-pre-loved","8":"product_tag-a-lange-sohne","9":"product_tag-big-date","10":"product_tag-gold","12":"first","13":"outofstock","14":"shipping-taxable","15":"purchasable","16":"product-type-simple"},"yoast_head":"<!-- This site is optimized with the Yoast SEO plugin v27.2 - https:\/\/yoast.com\/product\/yoast-seo-wordpress\/ -->\n<title>A. Lange &amp; S\u00f6hne: Langematik Ref.308.032 | WATCH INSANITY Pre-Loved<\/title>\n<meta name=\"description\" content=\"A. Lange &amp; S\u00f6hne Langematik Ref.308.032, 37mm rose gold case with argent\u00e9 dial, small seconds at 6 o&#039;clock and large date at 12 o&#039;clock.\" \/>\n<meta name=\"robots\" content=\"index,follow\" \/>\n<link rel=\"canonical\" href=\"https:\/\/www.watchinsanity.it\/en\/prodotto\/lange-sohne-langematik-308-032\/\" \/>\n<meta property=\"og:locale\" content=\"en_US\" \/>\n<meta property=\"og:locale:alternate\" content=\"it_IT\" \/>\n<meta property=\"og:type\" content=\"article\" \/>\n<meta property=\"og:title\" content=\"A. Lange &amp; S\u00f6hne: Langematik Ref.308.032 | WATCH INSANITY Pre-Loved\" \/>\n<meta property=\"og:description\" content=\"A. Lange &amp; S\u00f6hne Langematik Ref.308.032, 37mm rose gold case with argent\u00e9 dial, small seconds at 6 o&#039;clock and large date at 12 o&#039;clock.\" \/>\n<meta property=\"og:url\" content=\"https:\/\/www.watchinsanity.it\/en\/prodotto\/lange-sohne-langematik-308-032\/\" \/>\n<meta property=\"og:site_name\" content=\"WATCH INSANITY\" \/>\n<meta property=\"article:publisher\" content=\"https:\/\/www.facebook.com\/WatchInsanity\/?ref=bookmarks\" \/>\n<meta property=\"article:modified_time\" content=\"2026-02-27T13:14:10+00:00\" \/>\n<meta property=\"og:image\" content=\"https:\/\/www.watchinsanity.it\/wp-content\/uploads\/2025\/02\/ALS_Langematik_Big_Date_308.032_Watch_Insanity_Pre_Loved_01.jpg\" \/>\n\t<meta property=\"og:image:width\" content=\"1000\" \/>\n\t<meta property=\"og:image:height\" content=\"1000\" \/>\n\t<meta property=\"og:image:type\" content=\"image\/jpeg\" \/>\n<meta name=\"twitter:card\" content=\"summary_large_image\" \/>\n<meta name=\"twitter:site\" content=\"@watchinsanity\" \/>\n<meta name=\"twitter:label1\" content=\"Est. reading time\" \/>\n\t<meta name=\"twitter:data1\" content=\"2 minutes\" \/>\n<script type=\"application\/ld+json\" class=\"yoast-schema-graph\">{\"@context\":\"https:\/\/schema.org\",\"@graph\":[{\"@type\":\"WebPage\",\"@id\":\"https:\/\/www.watchinsanity.it\/prodotto\/lange-sohne-langematik-308-032\/\",\"url\":\"https:\/\/www.watchinsanity.it\/prodotto\/lange-sohne-langematik-308-032\/\",\"name\":\"A. Lange & S\u00f6hne: Langematik Ref.308.032 | WATCH INSANITY Pre-Loved\",\"isPartOf\":{\"@id\":\"https:\/\/www.watchinsanity.it\/#website\"},\"primaryImageOfPage\":{\"@id\":\"https:\/\/www.watchinsanity.it\/prodotto\/lange-sohne-langematik-308-032\/#primaryimage\"},\"image\":{\"@id\":\"https:\/\/www.watchinsanity.it\/prodotto\/lange-sohne-langematik-308-032\/#primaryimage\"},\"thumbnailUrl\":\"https:\/\/www.watchinsanity.it\/wp-content\/uploads\/2025\/02\/ALS_Langematik_Big_Date_308.032_Watch_Insanity_Pre_Loved_01.jpg\",\"datePublished\":\"2025-02-12T09:49:58+00:00\",\"dateModified\":\"2026-02-27T13:14:10+00:00\",\"description\":\"A. Lange & S\u00f6hne Langematik Ref.308.032, 37mm rose gold case with argent\u00e9 dial, small seconds at 6 o'clock and large date at 12 o'clock.\",\"breadcrumb\":{\"@id\":\"https:\/\/www.watchinsanity.it\/prodotto\/lange-sohne-langematik-308-032\/#breadcrumb\"},\"inLanguage\":\"en-US\",\"potentialAction\":[{\"@type\":\"ReadAction\",\"target\":[\"https:\/\/www.watchinsanity.it\/prodotto\/lange-sohne-langematik-308-032\/\"]}]},{\"@type\":\"ImageObject\",\"inLanguage\":\"en-US\",\"@id\":\"https:\/\/www.watchinsanity.it\/prodotto\/lange-sohne-langematik-308-032\/#primaryimage\",\"url\":\"https:\/\/www.watchinsanity.it\/wp-content\/uploads\/2025\/02\/ALS_Langematik_Big_Date_308.032_Watch_Insanity_Pre_Loved_01.jpg\",\"contentUrl\":\"https:\/\/www.watchinsanity.it\/wp-content\/uploads\/2025\/02\/ALS_Langematik_Big_Date_308.032_Watch_Insanity_Pre_Loved_01.jpg\",\"width\":1000,\"height\":1000},{\"@type\":\"BreadcrumbList\",\"@id\":\"https:\/\/www.watchinsanity.it\/prodotto\/lange-sohne-langematik-308-032\/#breadcrumb\",\"itemListElement\":[{\"@type\":\"ListItem\",\"position\":1,\"name\":\"Home\",\"item\":\"https:\/\/www.watchinsanity.it\/en\/\"},{\"@type\":\"ListItem\",\"position\":2,\"name\":\"Shop\",\"item\":\"https:\/\/www.watchinsanity.it\/?page_id=19111\"},{\"@type\":\"ListItem\",\"position\":3,\"name\":\"A. Lange &#038; S\u00f6hne Langematik Ref.308.032\"}]},{\"@type\":\"WebSite\",\"@id\":\"https:\/\/www.watchinsanity.it\/#website\",\"url\":\"https:\/\/www.watchinsanity.it\/\",\"name\":\"WATCH INSANITY\",\"description\":\"The leading Italian watch magazine\",\"potentialAction\":[{\"@type\":\"SearchAction\",\"target\":{\"@type\":\"EntryPoint\",\"urlTemplate\":\"https:\/\/www.watchinsanity.it\/?s={search_term_string}\"},\"query-input\":{\"@type\":\"PropertyValueSpecification\",\"valueRequired\":true,\"valueName\":\"search_term_string\"}}],\"inLanguage\":\"en-US\"}]}<\/script>\n<!-- \/ Yoast SEO plugin. -->","yoast_head_json":{"title":"A. Lange & S\u00f6hne: Langematik Ref.308.032 | WATCH INSANITY Pre-Loved","description":"A. Lange & S\u00f6hne Langematik Ref.308.032, 37mm rose gold case with argent\u00e9 dial, small seconds at 6 o'clock and large date at 12 o'clock.","robots":{"index,follow":"index,follow"},"canonical":"https:\/\/www.watchinsanity.it\/en\/prodotto\/lange-sohne-langematik-308-032\/","og_locale":"en_US","og_type":"article","og_title":"[:it]A. Lange & S\u00f6hne: Langematik Ref.308.032 | WATCH INSANITY Pre-Loved[:en]A. Lange & S\u00f6hne: Langematik Ref.308.032 | WATCH INSANITY Pre-Loved[:]","og_description":"[:it]A. Lange & S\u00f6hne Langematik Ref.308.032, cassa da 37mm in oro rosa con quadrante argent\u00e9 piccoli secondi al 6 e grande data a ore 12.[:en]A. Lange & S\u00f6hne Langematik Ref.308.032, 37mm rose gold case with argent\u00e9 dial, small seconds at 6 o'clock and large date at 12 o'clock.[:]","og_url":"https:\/\/www.watchinsanity.it\/en\/prodotto\/lange-sohne-langematik-308-032\/","og_site_name":"WATCH INSANITY","article_publisher":"https:\/\/www.facebook.com\/WatchInsanity\/?ref=bookmarks","article_modified_time":"2026-02-27T13:14:10+00:00","og_image":[{"width":1000,"height":1000,"url":"https:\/\/www.watchinsanity.it\/wp-content\/uploads\/2025\/02\/ALS_Langematik_Big_Date_308.032_Watch_Insanity_Pre_Loved_01.jpg","type":"image\/jpeg"}],"twitter_card":"summary_large_image","twitter_site":"@watchinsanity","twitter_misc":{"Est. reading time":"2 minutes"},"schema":{"@context":"https:\/\/schema.org","@graph":[{"@type":"WebPage","@id":"https:\/\/www.watchinsanity.it\/prodotto\/lange-sohne-langematik-308-032\/","url":"https:\/\/www.watchinsanity.it\/prodotto\/lange-sohne-langematik-308-032\/","name":"A. Lange & S\u00f6hne: Langematik Ref.308.032 | WATCH INSANITY Pre-Loved","isPartOf":{"@id":"https:\/\/www.watchinsanity.it\/#website"},"primaryImageOfPage":{"@id":"https:\/\/www.watchinsanity.it\/prodotto\/lange-sohne-langematik-308-032\/#primaryimage"},"image":{"@id":"https:\/\/www.watchinsanity.it\/prodotto\/lange-sohne-langematik-308-032\/#primaryimage"},"thumbnailUrl":"https:\/\/www.watchinsanity.it\/wp-content\/uploads\/2025\/02\/ALS_Langematik_Big_Date_308.032_Watch_Insanity_Pre_Loved_01.jpg","datePublished":"2025-02-12T09:49:58+00:00","dateModified":"2026-02-27T13:14:10+00:00","description":"A. Lange & S\u00f6hne Langematik Ref.308.032, 37mm rose gold case with argent\u00e9 dial, small seconds at 6 o'clock and large date at 12 o'clock.","breadcrumb":{"@id":"https:\/\/www.watchinsanity.it\/prodotto\/lange-sohne-langematik-308-032\/#breadcrumb"},"inLanguage":"en-US","potentialAction":[{"@type":"ReadAction","target":["https:\/\/www.watchinsanity.it\/prodotto\/lange-sohne-langematik-308-032\/"]}]},{"@type":"ImageObject","inLanguage":"en-US","@id":"https:\/\/www.watchinsanity.it\/prodotto\/lange-sohne-langematik-308-032\/#primaryimage","url":"https:\/\/www.watchinsanity.it\/wp-content\/uploads\/2025\/02\/ALS_Langematik_Big_Date_308.032_Watch_Insanity_Pre_Loved_01.jpg","contentUrl":"https:\/\/www.watchinsanity.it\/wp-content\/uploads\/2025\/02\/ALS_Langematik_Big_Date_308.032_Watch_Insanity_Pre_Loved_01.jpg","width":1000,"height":1000},{"@type":"BreadcrumbList","@id":"https:\/\/www.watchinsanity.it\/prodotto\/lange-sohne-langematik-308-032\/#breadcrumb","itemListElement":[{"@type":"ListItem","position":1,"name":"Home","item":"https:\/\/www.watchinsanity.it\/en\/"},{"@type":"ListItem","position":2,"name":"Shop","item":"https:\/\/www.watchinsanity.it\/?page_id=19111"},{"@type":"ListItem","position":3,"name":"A. Lange &#038; S\u00f6hne Langematik Ref.308.032"}]},{"@type":"WebSite","@id":"https:\/\/www.watchinsanity.it\/#website","url":"https:\/\/www.watchinsanity.it\/","name":"WATCH INSANITY","description":"The leading Italian watch magazine","potentialAction":[{"@type":"SearchAction","target":{"@type":"EntryPoint","urlTemplate":"https:\/\/www.watchinsanity.it\/?s={search_term_string}"},"query-input":{"@type":"PropertyValueSpecification","valueRequired":true,"valueName":"search_term_string"}}],"inLanguage":"en-US"}]}},"_links":{"self":[{"href":"https:\/\/www.watchinsanity.it\/en\/wp-json\/wp\/v2\/product\/25465","targetHints":{"allow":["GET"]}}],"collection":[{"href":"https:\/\/www.watchinsanity.it\/en\/wp-json\/wp\/v2\/product"}],"about":[{"href":"https:\/\/www.watchinsanity.it\/en\/wp-json\/wp\/v2\/types\/product"}],"wp:featuredmedia":[{"embeddable":true,"href":"https:\/\/www.watchinsanity.it\/en\/wp-json\/wp\/v2\/media\/25474"}],"wp:attachment":[{"href":"https:\/\/www.watchinsanity.it\/en\/wp-json\/wp\/v2\/media?parent=25465"}],"wp:term":[{"taxonomy":"product_brand","embeddable":true,"href":"https:\/\/www.watchinsanity.it\/en\/wp-json\/wp\/v2\/product_brand?post=25465"},{"taxonomy":"product_cat","embeddable":true,"href":"https:\/\/www.watchinsanity.it\/en\/wp-json\/wp\/v2\/product_cat?post=25465"},{"taxonomy":"product_tag","embeddable":true,"href":"https:\/\/www.watchinsanity.it\/en\/wp-json\/wp\/v2\/product_tag?post=25465"}],"curies":[{"name":"wp","href":"https:\/\/api.w.org\/{rel}","templated":true}]}}