{"id":25456,"date":"2025-02-12T10:19:04","date_gmt":"2025-02-12T09:19:04","guid":{"rendered":"https:\/\/www.watchinsanity.it\/?post_type=product&#038;p=25456"},"modified":"2026-02-27T14:12:50","modified_gmt":"2026-02-27T13:12:50","slug":"lange-sohne-saxonia-216-021","status":"publish","type":"product","link":"https:\/\/www.watchinsanity.it\/en\/prodotto\/lange-sohne-saxonia-216-021\/","title":{"rendered":"A. Lange &#038; S\u00f6hne Saxonia Ref.216.021"},"content":{"rendered":"<p>The Saxonia collection is A. Lange &#038; S\u00f6hne\u2019s most diverse line. Introduced in 1994, for years it has featured watches ranging in size from 34 to 40 mm, with manual and automatic movements, timepieces that were the most understated of the Saxon brand at least until the arrival of the 1815 models. Since the collection takes its name from the German region where the brand is based, one would expect it to pay homage to the past, but over the years it has become a mix of tradition and innovation, with a modern design.<\/p>\n<p>The Ref. 216.021 proposed here is part of the third generation of the Saxonia, introduced in 2011, which was discontinued in 2015 after only four years; the watch in question dates back to approximately 2011. It features a yellow gold case and a champagne dial. The case measures 37 mm, a size introduced in the second generation of the Saxonia, dating back to 2007; It was originally smaller and measured 34 mm. Compared to previous generations, the most obvious difference is in the indexes, which in this reference are linked together and not isolated; furthermore, perhaps to counterbalance the now more crowded dial, the double-baton indexes of the 15-30-45 quarters have been replaced by single indexes.<br \/>\nThe watch is powered by the manual caliber L941.1 with 21,600 vibrations\/hour and 45 hours of power reserve. Visible through the sapphire crystal caseback, it features high-end watchmaking finishes and the classic three-quarter plate, typical of Saxon watchmaking.<\/p>\n<p>The overall condition of the watch is excellent and it comes with the A. Lange &#038; S\u00f6hne archive extract and Watch Insanity packaging. This Saxonia is equipped with an alligator leather strap with a yellow gold buckle.<\/p>\n","protected":false},"excerpt":{"rendered":"<p style=\"font-weight: 400;\">Circa 2011, this A. Lange &#038; S\u00f6hne Saxonia has a 37mm yellow gold case and features a beautiful champagne dial that stands out for its crisp hands and elegant baton indexes. The watch is powered by the manual caliber L941.1 with 21,600 vibrations per hour and 45 hours of power reserve. Visible through the sapphire crystal caseback, it features high-end watchmaking finishing and the classic three-quarter plate, typical of Saxon watchmaking. The watch is in excellent condition and is offered with the A. Lange &#038; S\u00f6hne archive extract and Watch Insanity packaging.<\/p>\n","protected":false},"featured_media":25457,"template":"","meta":[],"product_brand":[],"product_cat":[910,875],"product_tag":[911,941,936],"class_list":{"0":"post-25456","1":"product","2":"type-product","3":"status-publish","4":"has-post-thumbnail","6":"product_cat-a-lange-sohne","7":"product_cat-pre-loved","8":"product_tag-a-lange-sohne","9":"product_tag-gold","10":"product_tag-time-only","12":"first","13":"outofstock","14":"shipping-taxable","15":"purchasable","16":"product-type-simple"},"yoast_head":"<!-- This site is optimized with the Yoast SEO plugin v27.2 - https:\/\/yoast.com\/product\/yoast-seo-wordpress\/ -->\n<title>A. Lange &amp; S\u00f6hne: Saxonia Ref.216.021 | WATCH INSANITY Pre-Loved<\/title>\n<meta name=\"description\" content=\"A. Lange &amp; S\u00f6hne Saxonia Ref.216.021, 37mm in yellow gold with champagne dial and baton indexes, hand-wound L941.1 caliber.\" \/>\n<meta name=\"robots\" content=\"index,follow\" \/>\n<link rel=\"canonical\" href=\"https:\/\/www.watchinsanity.it\/en\/prodotto\/lange-sohne-saxonia-216-021\/\" \/>\n<meta property=\"og:locale\" content=\"en_US\" \/>\n<meta property=\"og:locale:alternate\" content=\"it_IT\" \/>\n<meta property=\"og:type\" content=\"article\" \/>\n<meta property=\"og:title\" content=\"A. Lange &amp; S\u00f6hne: Saxonia Ref.216.021 | WATCH INSANITY Pre-Loved\" \/>\n<meta property=\"og:description\" content=\"A. Lange &amp; S\u00f6hne Saxonia Ref.216.021, 37mm in yellow gold with champagne dial and baton indexes, hand-wound L941.1 caliber.\" \/>\n<meta property=\"og:url\" content=\"https:\/\/www.watchinsanity.it\/en\/prodotto\/lange-sohne-saxonia-216-021\/\" \/>\n<meta property=\"og:site_name\" content=\"WATCH INSANITY\" \/>\n<meta property=\"article:publisher\" content=\"https:\/\/www.facebook.com\/WatchInsanity\/?ref=bookmarks\" \/>\n<meta property=\"article:modified_time\" content=\"2026-02-27T13:12:50+00:00\" \/>\n<meta property=\"og:image\" content=\"https:\/\/www.watchinsanity.it\/wp-content\/uploads\/2025\/02\/ALS_Saxonia_216.021_Watch_Insanity_Pre_Loved_01.jpg\" \/>\n\t<meta property=\"og:image:width\" content=\"1000\" \/>\n\t<meta property=\"og:image:height\" content=\"1000\" \/>\n\t<meta property=\"og:image:type\" content=\"image\/jpeg\" \/>\n<meta name=\"twitter:card\" content=\"summary_large_image\" \/>\n<meta name=\"twitter:site\" content=\"@watchinsanity\" \/>\n<meta name=\"twitter:label1\" content=\"Est. reading time\" \/>\n\t<meta name=\"twitter:data1\" content=\"2 minutes\" \/>\n<script type=\"application\/ld+json\" class=\"yoast-schema-graph\">{\"@context\":\"https:\/\/schema.org\",\"@graph\":[{\"@type\":\"WebPage\",\"@id\":\"https:\/\/www.watchinsanity.it\/prodotto\/lange-sohne-saxonia-216-021\/\",\"url\":\"https:\/\/www.watchinsanity.it\/prodotto\/lange-sohne-saxonia-216-021\/\",\"name\":\"A. Lange & S\u00f6hne: Saxonia Ref.216.021 | WATCH INSANITY Pre-Loved\",\"isPartOf\":{\"@id\":\"https:\/\/www.watchinsanity.it\/#website\"},\"primaryImageOfPage\":{\"@id\":\"https:\/\/www.watchinsanity.it\/prodotto\/lange-sohne-saxonia-216-021\/#primaryimage\"},\"image\":{\"@id\":\"https:\/\/www.watchinsanity.it\/prodotto\/lange-sohne-saxonia-216-021\/#primaryimage\"},\"thumbnailUrl\":\"https:\/\/www.watchinsanity.it\/wp-content\/uploads\/2025\/02\/ALS_Saxonia_216.021_Watch_Insanity_Pre_Loved_01.jpg\",\"datePublished\":\"2025-02-12T09:19:04+00:00\",\"dateModified\":\"2026-02-27T13:12:50+00:00\",\"description\":\"A. Lange & S\u00f6hne Saxonia Ref.216.021, 37mm in yellow gold with champagne dial and baton indexes, hand-wound L941.1 caliber.\",\"breadcrumb\":{\"@id\":\"https:\/\/www.watchinsanity.it\/prodotto\/lange-sohne-saxonia-216-021\/#breadcrumb\"},\"inLanguage\":\"en-US\",\"potentialAction\":[{\"@type\":\"ReadAction\",\"target\":[\"https:\/\/www.watchinsanity.it\/prodotto\/lange-sohne-saxonia-216-021\/\"]}]},{\"@type\":\"ImageObject\",\"inLanguage\":\"en-US\",\"@id\":\"https:\/\/www.watchinsanity.it\/prodotto\/lange-sohne-saxonia-216-021\/#primaryimage\",\"url\":\"https:\/\/www.watchinsanity.it\/wp-content\/uploads\/2025\/02\/ALS_Saxonia_216.021_Watch_Insanity_Pre_Loved_01.jpg\",\"contentUrl\":\"https:\/\/www.watchinsanity.it\/wp-content\/uploads\/2025\/02\/ALS_Saxonia_216.021_Watch_Insanity_Pre_Loved_01.jpg\",\"width\":1000,\"height\":1000},{\"@type\":\"BreadcrumbList\",\"@id\":\"https:\/\/www.watchinsanity.it\/prodotto\/lange-sohne-saxonia-216-021\/#breadcrumb\",\"itemListElement\":[{\"@type\":\"ListItem\",\"position\":1,\"name\":\"Home\",\"item\":\"https:\/\/www.watchinsanity.it\/en\/\"},{\"@type\":\"ListItem\",\"position\":2,\"name\":\"Shop\",\"item\":\"https:\/\/www.watchinsanity.it\/?page_id=19111\"},{\"@type\":\"ListItem\",\"position\":3,\"name\":\"A. Lange &#038; S\u00f6hne Saxonia Ref.216.021\"}]},{\"@type\":\"WebSite\",\"@id\":\"https:\/\/www.watchinsanity.it\/#website\",\"url\":\"https:\/\/www.watchinsanity.it\/\",\"name\":\"WATCH INSANITY\",\"description\":\"The leading Italian watch magazine\",\"potentialAction\":[{\"@type\":\"SearchAction\",\"target\":{\"@type\":\"EntryPoint\",\"urlTemplate\":\"https:\/\/www.watchinsanity.it\/?s={search_term_string}\"},\"query-input\":{\"@type\":\"PropertyValueSpecification\",\"valueRequired\":true,\"valueName\":\"search_term_string\"}}],\"inLanguage\":\"en-US\"}]}<\/script>\n<!-- \/ Yoast SEO plugin. -->","yoast_head_json":{"title":"A. Lange & S\u00f6hne: Saxonia Ref.216.021 | WATCH INSANITY Pre-Loved","description":"A. Lange & S\u00f6hne Saxonia Ref.216.021, 37mm in yellow gold with champagne dial and baton indexes, hand-wound L941.1 caliber.","robots":{"index,follow":"index,follow"},"canonical":"https:\/\/www.watchinsanity.it\/en\/prodotto\/lange-sohne-saxonia-216-021\/","og_locale":"en_US","og_type":"article","og_title":"[:it]A. Lange & S\u00f6hne: Saxonia Ref.216.021 | WATCH INSANITY Pre-Loved[:en]A. Lange & S\u00f6hne: Saxonia Ref.216.021 | WATCH INSANITY Pre-Loved[:]","og_description":"[:it]A. Lange & S\u00f6hne Saxonia Ref.216.021, cassa da 37mm in oro giallo con quadrante champagne e indici a bastone, calibro a carico manuale.[:en]A. Lange & S\u00f6hne Saxonia Ref.216.021, 37mm in yellow gold with champagne dial and baton indexes, hand-wound L941.1 caliber.[:]","og_url":"https:\/\/www.watchinsanity.it\/en\/prodotto\/lange-sohne-saxonia-216-021\/","og_site_name":"WATCH INSANITY","article_publisher":"https:\/\/www.facebook.com\/WatchInsanity\/?ref=bookmarks","article_modified_time":"2026-02-27T13:12:50+00:00","og_image":[{"width":1000,"height":1000,"url":"https:\/\/www.watchinsanity.it\/wp-content\/uploads\/2025\/02\/ALS_Saxonia_216.021_Watch_Insanity_Pre_Loved_01.jpg","type":"image\/jpeg"}],"twitter_card":"summary_large_image","twitter_site":"@watchinsanity","twitter_misc":{"Est. reading time":"2 minutes"},"schema":{"@context":"https:\/\/schema.org","@graph":[{"@type":"WebPage","@id":"https:\/\/www.watchinsanity.it\/prodotto\/lange-sohne-saxonia-216-021\/","url":"https:\/\/www.watchinsanity.it\/prodotto\/lange-sohne-saxonia-216-021\/","name":"A. Lange & S\u00f6hne: Saxonia Ref.216.021 | WATCH INSANITY Pre-Loved","isPartOf":{"@id":"https:\/\/www.watchinsanity.it\/#website"},"primaryImageOfPage":{"@id":"https:\/\/www.watchinsanity.it\/prodotto\/lange-sohne-saxonia-216-021\/#primaryimage"},"image":{"@id":"https:\/\/www.watchinsanity.it\/prodotto\/lange-sohne-saxonia-216-021\/#primaryimage"},"thumbnailUrl":"https:\/\/www.watchinsanity.it\/wp-content\/uploads\/2025\/02\/ALS_Saxonia_216.021_Watch_Insanity_Pre_Loved_01.jpg","datePublished":"2025-02-12T09:19:04+00:00","dateModified":"2026-02-27T13:12:50+00:00","description":"A. Lange & S\u00f6hne Saxonia Ref.216.021, 37mm in yellow gold with champagne dial and baton indexes, hand-wound L941.1 caliber.","breadcrumb":{"@id":"https:\/\/www.watchinsanity.it\/prodotto\/lange-sohne-saxonia-216-021\/#breadcrumb"},"inLanguage":"en-US","potentialAction":[{"@type":"ReadAction","target":["https:\/\/www.watchinsanity.it\/prodotto\/lange-sohne-saxonia-216-021\/"]}]},{"@type":"ImageObject","inLanguage":"en-US","@id":"https:\/\/www.watchinsanity.it\/prodotto\/lange-sohne-saxonia-216-021\/#primaryimage","url":"https:\/\/www.watchinsanity.it\/wp-content\/uploads\/2025\/02\/ALS_Saxonia_216.021_Watch_Insanity_Pre_Loved_01.jpg","contentUrl":"https:\/\/www.watchinsanity.it\/wp-content\/uploads\/2025\/02\/ALS_Saxonia_216.021_Watch_Insanity_Pre_Loved_01.jpg","width":1000,"height":1000},{"@type":"BreadcrumbList","@id":"https:\/\/www.watchinsanity.it\/prodotto\/lange-sohne-saxonia-216-021\/#breadcrumb","itemListElement":[{"@type":"ListItem","position":1,"name":"Home","item":"https:\/\/www.watchinsanity.it\/en\/"},{"@type":"ListItem","position":2,"name":"Shop","item":"https:\/\/www.watchinsanity.it\/?page_id=19111"},{"@type":"ListItem","position":3,"name":"A. Lange &#038; S\u00f6hne Saxonia Ref.216.021"}]},{"@type":"WebSite","@id":"https:\/\/www.watchinsanity.it\/#website","url":"https:\/\/www.watchinsanity.it\/","name":"WATCH INSANITY","description":"The leading Italian watch magazine","potentialAction":[{"@type":"SearchAction","target":{"@type":"EntryPoint","urlTemplate":"https:\/\/www.watchinsanity.it\/?s={search_term_string}"},"query-input":{"@type":"PropertyValueSpecification","valueRequired":true,"valueName":"search_term_string"}}],"inLanguage":"en-US"}]}},"_links":{"self":[{"href":"https:\/\/www.watchinsanity.it\/en\/wp-json\/wp\/v2\/product\/25456","targetHints":{"allow":["GET"]}}],"collection":[{"href":"https:\/\/www.watchinsanity.it\/en\/wp-json\/wp\/v2\/product"}],"about":[{"href":"https:\/\/www.watchinsanity.it\/en\/wp-json\/wp\/v2\/types\/product"}],"wp:featuredmedia":[{"embeddable":true,"href":"https:\/\/www.watchinsanity.it\/en\/wp-json\/wp\/v2\/media\/25457"}],"wp:attachment":[{"href":"https:\/\/www.watchinsanity.it\/en\/wp-json\/wp\/v2\/media?parent=25456"}],"wp:term":[{"taxonomy":"product_brand","embeddable":true,"href":"https:\/\/www.watchinsanity.it\/en\/wp-json\/wp\/v2\/product_brand?post=25456"},{"taxonomy":"product_cat","embeddable":true,"href":"https:\/\/www.watchinsanity.it\/en\/wp-json\/wp\/v2\/product_cat?post=25456"},{"taxonomy":"product_tag","embeddable":true,"href":"https:\/\/www.watchinsanity.it\/en\/wp-json\/wp\/v2\/product_tag?post=25456"}],"curies":[{"name":"wp","href":"https:\/\/api.w.org\/{rel}","templated":true}]}}