{"id":24980,"date":"2024-09-01T13:22:08","date_gmt":"2024-09-01T11:22:08","guid":{"rendered":"https:\/\/www.watchinsanity.it\/?post_type=product&#038;p=24980"},"modified":"2026-02-27T14:45:37","modified_gmt":"2026-02-27T13:45:37","slug":"breguet-marine-chronograph-3460ba","status":"publish","type":"product","link":"https:\/\/www.watchinsanity.it\/en\/prodotto\/breguet-marine-chronograph-3460ba\/","title":{"rendered":"Breguet Marine Chronograph Ref.3460BA"},"content":{"rendered":"<p style=\"font-weight: 400;\">The history of the Breguet Marine collection has distant origins, as its name derives from the title of \u201chorloger de la Marine Royale\u201d awarded to Abraham-Louis Breguet in 1815. In 1990, the Maison connected with this history to present the Marine collection, inspired by the classic look and technical grandeur of marine chronometers. The line, refreshed in 2018, is still one of the Maison&#8217;s pillars and, in the past, has hosted models of great charm such as the Marine Chronograph Ref. 3460BA, which we present here in a 1992 example with a 36 mm yellow gold case and complete set.<\/p>\n<p style=\"font-weight: 400;\">The reference in question is distinguished by the stylish details that characterize Breguet&#8217;s watches, introduced by Daniel Roth when he took over as artistic director of the manufacture. The dial is in finely worked gold with a clous de Paris guilloch\u00e9 motif, typical of the Maison&#8217;s finishes. The hour markers are in Roman numerals and the Breguet \u00e0 pomme \u00e9vid\u00e9e hands; the dial features the continuous seconds counter at 6 o&#8217;clock, the chronograph minutes counter at 3 o&#8217;clock, and the chronograph hours counter at 9 o&#8217;clock. At 6 o&#8217;clock there is also the date window with quick reset from the crown, which is a priest&#8217;s hat crown with Breguet engraving, flanked by the pump chronograph pushers.<\/p>\n<p style=\"font-weight: 400;\">The case, characterized by the closed gold case back and the sides with the &#8220;coin&#8221; workmanship typical of the brand, houses the Breguet 576 self-winding mechanical caliber, made on the Frederic Piguet 1185 base and set in five isochronism positions. In addition to the original box and papers, the watch is equipped with a leather strap and gold folding clasp.<\/p>\n","protected":false},"excerpt":{"rendered":"<p style=\"font-weight: 400;\">A 1992 model, this Breguet Marine Chronograph Ref. 3460BA has a 36-mm yellow gold case and a gold dial featuring the stylistic and decorative elements typical of the Maison, much of it introduced during Daniel Roth&#8217;s artistic direction. It is distinguished by its guilloch\u00e9 \u00e0 clous de Paris workmanship, Roman numeral hour markers, and Breguet \u00e0 pomme \u00e9vid\u00e9e hands. The caliber is a Breguet 576 self-winding mechanical movement, based on the Frederic Piguet 1185. In addition to the original box and papers, the chronograph is completed by a leather strap with gold folding clasp.<\/p>\n","protected":false},"featured_media":24990,"template":"","meta":[],"product_brand":[],"product_cat":[896,875],"product_tag":[900,886,941],"class_list":{"0":"post-24980","1":"product","2":"type-product","3":"status-publish","4":"has-post-thumbnail","6":"product_cat-breguet-pre-loved","7":"product_cat-pre-loved","8":"product_tag-breguet","9":"product_tag-chronograph","10":"product_tag-gold","12":"first","13":"outofstock","14":"shipping-taxable","15":"purchasable","16":"product-type-simple"},"yoast_head":"<!-- This site is optimized with the Yoast SEO plugin v27.2 - https:\/\/yoast.com\/product\/yoast-seo-wordpress\/ -->\n<title>Breguet Marine Chronograph Ref.3460BA | WATCH INSANITY Pre-Loved<\/title>\n<meta name=\"description\" content=\"Breguet Marine Chronograph Ref.3460BA 36mm in yellow gold with finely crafted gold dial with clous de Paris guilloch\u00e9 motif.\" \/>\n<meta name=\"robots\" content=\"index,follow\" \/>\n<link rel=\"canonical\" href=\"https:\/\/www.watchinsanity.it\/en\/prodotto\/breguet-marine-chronograph-3460ba\/\" \/>\n<meta property=\"og:locale\" content=\"en_US\" \/>\n<meta property=\"og:locale:alternate\" content=\"it_IT\" \/>\n<meta property=\"og:type\" content=\"article\" \/>\n<meta property=\"og:title\" content=\"Breguet Marine Chronograph Ref.3460BA | WATCH INSANITY Pre-Loved\" \/>\n<meta property=\"og:description\" content=\"Breguet Marine Chronograph Ref.3460BA 36mm in yellow gold with finely crafted gold dial with clous de Paris guilloch\u00e9 motif.\" \/>\n<meta property=\"og:url\" content=\"https:\/\/www.watchinsanity.it\/en\/prodotto\/breguet-marine-chronograph-3460ba\/\" \/>\n<meta property=\"og:site_name\" content=\"WATCH INSANITY\" \/>\n<meta property=\"article:publisher\" content=\"https:\/\/www.facebook.com\/WatchInsanity\/?ref=bookmarks\" \/>\n<meta property=\"article:modified_time\" content=\"2026-02-27T13:45:37+00:00\" \/>\n<meta property=\"og:image\" content=\"https:\/\/www.watchinsanity.it\/wp-content\/uploads\/2024\/11\/Breguet_Marine_Chronograph_3460BA_Watch_Insanity_Pre_Loved_01.jpg\" \/>\n\t<meta property=\"og:image:width\" content=\"1000\" \/>\n\t<meta property=\"og:image:height\" content=\"1000\" \/>\n\t<meta property=\"og:image:type\" content=\"image\/jpeg\" \/>\n<meta name=\"twitter:card\" content=\"summary_large_image\" \/>\n<meta name=\"twitter:site\" content=\"@watchinsanity\" \/>\n<meta name=\"twitter:label1\" content=\"Est. reading time\" \/>\n\t<meta name=\"twitter:data1\" content=\"2 minutes\" \/>\n<script type=\"application\/ld+json\" class=\"yoast-schema-graph\">{\"@context\":\"https:\/\/schema.org\",\"@graph\":[{\"@type\":\"WebPage\",\"@id\":\"https:\/\/www.watchinsanity.it\/prodotto\/breguet-marine-chronograph-3460ba\/\",\"url\":\"https:\/\/www.watchinsanity.it\/prodotto\/breguet-marine-chronograph-3460ba\/\",\"name\":\"Breguet Marine Chronograph Ref.3460BA | WATCH INSANITY Pre-Loved\",\"isPartOf\":{\"@id\":\"https:\/\/www.watchinsanity.it\/#website\"},\"primaryImageOfPage\":{\"@id\":\"https:\/\/www.watchinsanity.it\/prodotto\/breguet-marine-chronograph-3460ba\/#primaryimage\"},\"image\":{\"@id\":\"https:\/\/www.watchinsanity.it\/prodotto\/breguet-marine-chronograph-3460ba\/#primaryimage\"},\"thumbnailUrl\":\"https:\/\/www.watchinsanity.it\/wp-content\/uploads\/2024\/11\/Breguet_Marine_Chronograph_3460BA_Watch_Insanity_Pre_Loved_01.jpg\",\"datePublished\":\"2024-09-01T11:22:08+00:00\",\"dateModified\":\"2026-02-27T13:45:37+00:00\",\"description\":\"Breguet Marine Chronograph Ref.3460BA 36mm in yellow gold with finely crafted gold dial with clous de Paris guilloch\u00e9 motif.\",\"breadcrumb\":{\"@id\":\"https:\/\/www.watchinsanity.it\/prodotto\/breguet-marine-chronograph-3460ba\/#breadcrumb\"},\"inLanguage\":\"en-US\",\"potentialAction\":[{\"@type\":\"ReadAction\",\"target\":[\"https:\/\/www.watchinsanity.it\/prodotto\/breguet-marine-chronograph-3460ba\/\"]}]},{\"@type\":\"ImageObject\",\"inLanguage\":\"en-US\",\"@id\":\"https:\/\/www.watchinsanity.it\/prodotto\/breguet-marine-chronograph-3460ba\/#primaryimage\",\"url\":\"https:\/\/www.watchinsanity.it\/wp-content\/uploads\/2024\/11\/Breguet_Marine_Chronograph_3460BA_Watch_Insanity_Pre_Loved_01.jpg\",\"contentUrl\":\"https:\/\/www.watchinsanity.it\/wp-content\/uploads\/2024\/11\/Breguet_Marine_Chronograph_3460BA_Watch_Insanity_Pre_Loved_01.jpg\",\"width\":1000,\"height\":1000},{\"@type\":\"BreadcrumbList\",\"@id\":\"https:\/\/www.watchinsanity.it\/prodotto\/breguet-marine-chronograph-3460ba\/#breadcrumb\",\"itemListElement\":[{\"@type\":\"ListItem\",\"position\":1,\"name\":\"Home\",\"item\":\"https:\/\/www.watchinsanity.it\/en\/\"},{\"@type\":\"ListItem\",\"position\":2,\"name\":\"Shop\",\"item\":\"https:\/\/www.watchinsanity.it\/?page_id=19111\"},{\"@type\":\"ListItem\",\"position\":3,\"name\":\"Breguet Marine Chronograph Ref.3460BA\"}]},{\"@type\":\"WebSite\",\"@id\":\"https:\/\/www.watchinsanity.it\/#website\",\"url\":\"https:\/\/www.watchinsanity.it\/\",\"name\":\"WATCH INSANITY\",\"description\":\"The leading Italian watch magazine\",\"potentialAction\":[{\"@type\":\"SearchAction\",\"target\":{\"@type\":\"EntryPoint\",\"urlTemplate\":\"https:\/\/www.watchinsanity.it\/?s={search_term_string}\"},\"query-input\":{\"@type\":\"PropertyValueSpecification\",\"valueRequired\":true,\"valueName\":\"search_term_string\"}}],\"inLanguage\":\"en-US\"}]}<\/script>\n<!-- \/ Yoast SEO plugin. -->","yoast_head_json":{"title":"Breguet Marine Chronograph Ref.3460BA | WATCH INSANITY Pre-Loved","description":"Breguet Marine Chronograph Ref.3460BA 36mm in yellow gold with finely crafted gold dial with clous de Paris guilloch\u00e9 motif.","robots":{"index,follow":"index,follow"},"canonical":"https:\/\/www.watchinsanity.it\/en\/prodotto\/breguet-marine-chronograph-3460ba\/","og_locale":"en_US","og_type":"article","og_title":"[:it]Breguet Marine Chronograph Ref.3460BA | WATCH INSANITY Pre-Loved[:en]Breguet Marine Chronograph Ref.3460BA | WATCH INSANITY Pre-Loved[:]","og_description":"[:it]Breguet Marine Chronograph Ref.3460BA 36mm in oro giallo con quadrante in oro finemente lavorato con motivo guilloch\u00e9 \u00e0 clous de Paris.[:en]Breguet Marine Chronograph Ref.3460BA 36mm in yellow gold with finely crafted gold dial with clous de Paris guilloch\u00e9 motif.[:]","og_url":"https:\/\/www.watchinsanity.it\/en\/prodotto\/breguet-marine-chronograph-3460ba\/","og_site_name":"WATCH INSANITY","article_publisher":"https:\/\/www.facebook.com\/WatchInsanity\/?ref=bookmarks","article_modified_time":"2026-02-27T13:45:37+00:00","og_image":[{"width":1000,"height":1000,"url":"https:\/\/www.watchinsanity.it\/wp-content\/uploads\/2024\/11\/Breguet_Marine_Chronograph_3460BA_Watch_Insanity_Pre_Loved_01.jpg","type":"image\/jpeg"}],"twitter_card":"summary_large_image","twitter_site":"@watchinsanity","twitter_misc":{"Est. reading time":"2 minutes"},"schema":{"@context":"https:\/\/schema.org","@graph":[{"@type":"WebPage","@id":"https:\/\/www.watchinsanity.it\/prodotto\/breguet-marine-chronograph-3460ba\/","url":"https:\/\/www.watchinsanity.it\/prodotto\/breguet-marine-chronograph-3460ba\/","name":"Breguet Marine Chronograph Ref.3460BA | WATCH INSANITY Pre-Loved","isPartOf":{"@id":"https:\/\/www.watchinsanity.it\/#website"},"primaryImageOfPage":{"@id":"https:\/\/www.watchinsanity.it\/prodotto\/breguet-marine-chronograph-3460ba\/#primaryimage"},"image":{"@id":"https:\/\/www.watchinsanity.it\/prodotto\/breguet-marine-chronograph-3460ba\/#primaryimage"},"thumbnailUrl":"https:\/\/www.watchinsanity.it\/wp-content\/uploads\/2024\/11\/Breguet_Marine_Chronograph_3460BA_Watch_Insanity_Pre_Loved_01.jpg","datePublished":"2024-09-01T11:22:08+00:00","dateModified":"2026-02-27T13:45:37+00:00","description":"Breguet Marine Chronograph Ref.3460BA 36mm in yellow gold with finely crafted gold dial with clous de Paris guilloch\u00e9 motif.","breadcrumb":{"@id":"https:\/\/www.watchinsanity.it\/prodotto\/breguet-marine-chronograph-3460ba\/#breadcrumb"},"inLanguage":"en-US","potentialAction":[{"@type":"ReadAction","target":["https:\/\/www.watchinsanity.it\/prodotto\/breguet-marine-chronograph-3460ba\/"]}]},{"@type":"ImageObject","inLanguage":"en-US","@id":"https:\/\/www.watchinsanity.it\/prodotto\/breguet-marine-chronograph-3460ba\/#primaryimage","url":"https:\/\/www.watchinsanity.it\/wp-content\/uploads\/2024\/11\/Breguet_Marine_Chronograph_3460BA_Watch_Insanity_Pre_Loved_01.jpg","contentUrl":"https:\/\/www.watchinsanity.it\/wp-content\/uploads\/2024\/11\/Breguet_Marine_Chronograph_3460BA_Watch_Insanity_Pre_Loved_01.jpg","width":1000,"height":1000},{"@type":"BreadcrumbList","@id":"https:\/\/www.watchinsanity.it\/prodotto\/breguet-marine-chronograph-3460ba\/#breadcrumb","itemListElement":[{"@type":"ListItem","position":1,"name":"Home","item":"https:\/\/www.watchinsanity.it\/en\/"},{"@type":"ListItem","position":2,"name":"Shop","item":"https:\/\/www.watchinsanity.it\/?page_id=19111"},{"@type":"ListItem","position":3,"name":"Breguet Marine Chronograph Ref.3460BA"}]},{"@type":"WebSite","@id":"https:\/\/www.watchinsanity.it\/#website","url":"https:\/\/www.watchinsanity.it\/","name":"WATCH INSANITY","description":"The leading Italian watch magazine","potentialAction":[{"@type":"SearchAction","target":{"@type":"EntryPoint","urlTemplate":"https:\/\/www.watchinsanity.it\/?s={search_term_string}"},"query-input":{"@type":"PropertyValueSpecification","valueRequired":true,"valueName":"search_term_string"}}],"inLanguage":"en-US"}]}},"_links":{"self":[{"href":"https:\/\/www.watchinsanity.it\/en\/wp-json\/wp\/v2\/product\/24980","targetHints":{"allow":["GET"]}}],"collection":[{"href":"https:\/\/www.watchinsanity.it\/en\/wp-json\/wp\/v2\/product"}],"about":[{"href":"https:\/\/www.watchinsanity.it\/en\/wp-json\/wp\/v2\/types\/product"}],"wp:featuredmedia":[{"embeddable":true,"href":"https:\/\/www.watchinsanity.it\/en\/wp-json\/wp\/v2\/media\/24990"}],"wp:attachment":[{"href":"https:\/\/www.watchinsanity.it\/en\/wp-json\/wp\/v2\/media?parent=24980"}],"wp:term":[{"taxonomy":"product_brand","embeddable":true,"href":"https:\/\/www.watchinsanity.it\/en\/wp-json\/wp\/v2\/product_brand?post=24980"},{"taxonomy":"product_cat","embeddable":true,"href":"https:\/\/www.watchinsanity.it\/en\/wp-json\/wp\/v2\/product_cat?post=24980"},{"taxonomy":"product_tag","embeddable":true,"href":"https:\/\/www.watchinsanity.it\/en\/wp-json\/wp\/v2\/product_tag?post=24980"}],"curies":[{"name":"wp","href":"https:\/\/api.w.org\/{rel}","templated":true}]}}