{"id":24163,"date":"2024-09-04T10:35:20","date_gmt":"2024-09-04T08:35:20","guid":{"rendered":"https:\/\/www.watchinsanity.it\/?post_type=product&#038;p=24163"},"modified":"2026-02-27T14:11:22","modified_gmt":"2026-02-27T13:11:22","slug":"breguet-3057ba-perpetual-calendar","status":"publish","type":"product","link":"https:\/\/www.watchinsanity.it\/en\/prodotto\/breguet-3057ba-perpetual-calendar\/","title":{"rendered":"Breguet Ref.3057BA Perpetual Calendar"},"content":{"rendered":"<p style=\"font-weight: 400;\">The aesthetic of the Breguet 3057BA Classique Perpetual Calendar is 100% Breguet, but actually this perpetual calendar was born out of Daniel Roth&#8217;s philosophy. It is in fact the first creative project he undertook after working for Jaeger-LeCoultre and Audemars Piguet, and after the Chaumet brothers decided to breathe new life into the glorious brand. Breguet&#8217;s director at the time, Francois Bodet, stated that only 2 or 3 perpetual calendars came out of the maison each year, as they required about 30 different watchmaking professions to create each individual watch.<\/p>\n<p style=\"font-weight: 400;\">This reference is from 1992. The proportions of the yellow gold coin case are interesting: 36 mm in diameter and a thickness of 8 mm. The dial is made of a solid gold plate with a galvanized silver surface, and features the clous de Paris guilloch\u00e9 work typical of the Maison. The most beautiful aesthetic touch, however, are the hands: a distinctive pomme \u00e9vid\u00e9e with elongated stem. Each watch has been serially numbered in the classic Breguet tradition, with the number visible on a plate fixed to the dial at 3 o&#8217;clock.<\/p>\n<p style=\"font-weight: 400;\">The back of the 3057 offers a view that few watches can match, where even the refined anglage is secondary to the engraving style. It allows a view of the Frederic Piguet automatic caliber 71 with off-center oscillating weight. The watch is fitted with a leather strap with gold buckle, which is complemented by the exclusive WATCH INSANITY signature set.<\/p>\n<p style=\"font-weight: 400;\">\n","protected":false},"excerpt":{"rendered":"<p style=\"font-weight: 400;\">Created in 1992, this Breguet 3057BA Classique Perpetual Calendar has a 36 mm 18-carat yellow gold case, and a clous de Paris guilloch\u00e9 dial with four counters for months, days of the month, moon phases, days of the week and leap year indication. It is driven by Frederic Piguet automatic caliber 71 with a frequency of 18,000 vibrations per hour and a power reserve of about 48 hours. Excellent condition, with no obvious signs of wear. Leather strap and gold buckle, exclusive set by WATCH INSANITY.<\/p>\n","protected":false},"featured_media":24164,"template":"","meta":[],"product_brand":[],"product_cat":[896,875],"product_tag":[900,941,899],"class_list":{"0":"post-24163","1":"product","2":"type-product","3":"status-publish","4":"has-post-thumbnail","6":"product_cat-breguet-pre-loved","7":"product_cat-pre-loved","8":"product_tag-breguet","9":"product_tag-gold","10":"product_tag-perpetual-calendar","12":"first","13":"outofstock","14":"shipping-taxable","15":"purchasable","16":"product-type-simple"},"yoast_head":"<!-- This site is optimized with the Yoast SEO plugin v27.2 - https:\/\/yoast.com\/product\/yoast-seo-wordpress\/ -->\n<title>Breguet: 3057BA Perpetual Calendar | WATCH INSANITY Pre-Loved<\/title>\n<meta name=\"description\" content=\"Breguet 3057BA Perpetual Calendar in yellow, clous de Paris guilloch\u00e9 dial, automatic caliber with off-center oscillating weight.\" \/>\n<meta name=\"robots\" content=\"index,follow\" \/>\n<link rel=\"canonical\" href=\"https:\/\/www.watchinsanity.it\/en\/prodotto\/breguet-3057ba-perpetual-calendar\/\" \/>\n<meta property=\"og:locale\" content=\"en_US\" \/>\n<meta property=\"og:locale:alternate\" content=\"it_IT\" \/>\n<meta property=\"og:type\" content=\"article\" \/>\n<meta property=\"og:title\" content=\"Breguet: 3057BA Perpetual Calendar | WATCH INSANITY Pre-Loved\" \/>\n<meta property=\"og:description\" content=\"Breguet 3057BA Perpetual Calendar in yellow, clous de Paris guilloch\u00e9 dial, automatic caliber with off-center oscillating weight.\" \/>\n<meta property=\"og:url\" content=\"https:\/\/www.watchinsanity.it\/en\/prodotto\/breguet-3057ba-perpetual-calendar\/\" \/>\n<meta property=\"og:site_name\" content=\"WATCH INSANITY\" \/>\n<meta property=\"article:publisher\" content=\"https:\/\/www.facebook.com\/WatchInsanity\/?ref=bookmarks\" \/>\n<meta property=\"article:modified_time\" content=\"2026-02-27T13:11:22+00:00\" \/>\n<meta property=\"og:image\" content=\"https:\/\/www.watchinsanity.it\/wp-content\/uploads\/2024\/09\/Breguet_Perpetual_Calendar_Ref.3057_Watch_Insanity_Pre_Loved_01.jpg\" \/>\n\t<meta property=\"og:image:width\" content=\"1000\" \/>\n\t<meta property=\"og:image:height\" content=\"1000\" \/>\n\t<meta property=\"og:image:type\" content=\"image\/jpeg\" \/>\n<meta name=\"twitter:card\" content=\"summary_large_image\" \/>\n<meta name=\"twitter:site\" content=\"@watchinsanity\" \/>\n<meta name=\"twitter:label1\" content=\"Est. reading time\" \/>\n\t<meta name=\"twitter:data1\" content=\"2 minutes\" \/>\n<script type=\"application\/ld+json\" class=\"yoast-schema-graph\">{\"@context\":\"https:\/\/schema.org\",\"@graph\":[{\"@type\":\"WebPage\",\"@id\":\"https:\/\/www.watchinsanity.it\/prodotto\/breguet-3057ba-perpetual-calendar\/\",\"url\":\"https:\/\/www.watchinsanity.it\/prodotto\/breguet-3057ba-perpetual-calendar\/\",\"name\":\"Breguet: 3057BA Perpetual Calendar | WATCH INSANITY Pre-Loved\",\"isPartOf\":{\"@id\":\"https:\/\/www.watchinsanity.it\/#website\"},\"primaryImageOfPage\":{\"@id\":\"https:\/\/www.watchinsanity.it\/prodotto\/breguet-3057ba-perpetual-calendar\/#primaryimage\"},\"image\":{\"@id\":\"https:\/\/www.watchinsanity.it\/prodotto\/breguet-3057ba-perpetual-calendar\/#primaryimage\"},\"thumbnailUrl\":\"https:\/\/www.watchinsanity.it\/wp-content\/uploads\/2024\/09\/Breguet_Perpetual_Calendar_Ref.3057_Watch_Insanity_Pre_Loved_01.jpg\",\"datePublished\":\"2024-09-04T08:35:20+00:00\",\"dateModified\":\"2026-02-27T13:11:22+00:00\",\"description\":\"Breguet 3057BA Perpetual Calendar in yellow, clous de Paris guilloch\u00e9 dial, automatic caliber with off-center oscillating weight.\",\"breadcrumb\":{\"@id\":\"https:\/\/www.watchinsanity.it\/prodotto\/breguet-3057ba-perpetual-calendar\/#breadcrumb\"},\"inLanguage\":\"en-US\",\"potentialAction\":[{\"@type\":\"ReadAction\",\"target\":[\"https:\/\/www.watchinsanity.it\/prodotto\/breguet-3057ba-perpetual-calendar\/\"]}]},{\"@type\":\"ImageObject\",\"inLanguage\":\"en-US\",\"@id\":\"https:\/\/www.watchinsanity.it\/prodotto\/breguet-3057ba-perpetual-calendar\/#primaryimage\",\"url\":\"https:\/\/www.watchinsanity.it\/wp-content\/uploads\/2024\/09\/Breguet_Perpetual_Calendar_Ref.3057_Watch_Insanity_Pre_Loved_01.jpg\",\"contentUrl\":\"https:\/\/www.watchinsanity.it\/wp-content\/uploads\/2024\/09\/Breguet_Perpetual_Calendar_Ref.3057_Watch_Insanity_Pre_Loved_01.jpg\",\"width\":1000,\"height\":1000},{\"@type\":\"BreadcrumbList\",\"@id\":\"https:\/\/www.watchinsanity.it\/prodotto\/breguet-3057ba-perpetual-calendar\/#breadcrumb\",\"itemListElement\":[{\"@type\":\"ListItem\",\"position\":1,\"name\":\"Home\",\"item\":\"https:\/\/www.watchinsanity.it\/en\/\"},{\"@type\":\"ListItem\",\"position\":2,\"name\":\"Shop\",\"item\":\"https:\/\/www.watchinsanity.it\/?page_id=19111\"},{\"@type\":\"ListItem\",\"position\":3,\"name\":\"Breguet Ref.3057BA Perpetual Calendar\"}]},{\"@type\":\"WebSite\",\"@id\":\"https:\/\/www.watchinsanity.it\/#website\",\"url\":\"https:\/\/www.watchinsanity.it\/\",\"name\":\"WATCH INSANITY\",\"description\":\"The leading Italian watch magazine\",\"potentialAction\":[{\"@type\":\"SearchAction\",\"target\":{\"@type\":\"EntryPoint\",\"urlTemplate\":\"https:\/\/www.watchinsanity.it\/?s={search_term_string}\"},\"query-input\":{\"@type\":\"PropertyValueSpecification\",\"valueRequired\":true,\"valueName\":\"search_term_string\"}}],\"inLanguage\":\"en-US\"}]}<\/script>\n<!-- \/ Yoast SEO plugin. -->","yoast_head_json":{"title":"Breguet: 3057BA Perpetual Calendar | WATCH INSANITY Pre-Loved","description":"Breguet 3057BA Perpetual Calendar in yellow, clous de Paris guilloch\u00e9 dial, automatic caliber with off-center oscillating weight.","robots":{"index,follow":"index,follow"},"canonical":"https:\/\/www.watchinsanity.it\/en\/prodotto\/breguet-3057ba-perpetual-calendar\/","og_locale":"en_US","og_type":"article","og_title":"[:it]Breguet: 3057BA Perpetual Calendar | WATCH INSANITY Pre-Loved[:en]Breguet: 3057BA Perpetual Calendar | WATCH INSANITY Pre-Loved[:]","og_description":"[:it]Breguet 3057BA Perpetual Calendar 36mm in oro giallo, quadrante guilloch\u00e9 a clous de Paris, calibro automatico con massa oscillante decentrata.[:en]Breguet 3057BA Perpetual Calendar in yellow, clous de Paris guilloch\u00e9 dial, automatic caliber with off-center oscillating weight.[:]","og_url":"https:\/\/www.watchinsanity.it\/en\/prodotto\/breguet-3057ba-perpetual-calendar\/","og_site_name":"WATCH INSANITY","article_publisher":"https:\/\/www.facebook.com\/WatchInsanity\/?ref=bookmarks","article_modified_time":"2026-02-27T13:11:22+00:00","og_image":[{"width":1000,"height":1000,"url":"https:\/\/www.watchinsanity.it\/wp-content\/uploads\/2024\/09\/Breguet_Perpetual_Calendar_Ref.3057_Watch_Insanity_Pre_Loved_01.jpg","type":"image\/jpeg"}],"twitter_card":"summary_large_image","twitter_site":"@watchinsanity","twitter_misc":{"Est. reading time":"2 minutes"},"schema":{"@context":"https:\/\/schema.org","@graph":[{"@type":"WebPage","@id":"https:\/\/www.watchinsanity.it\/prodotto\/breguet-3057ba-perpetual-calendar\/","url":"https:\/\/www.watchinsanity.it\/prodotto\/breguet-3057ba-perpetual-calendar\/","name":"Breguet: 3057BA Perpetual Calendar | WATCH INSANITY Pre-Loved","isPartOf":{"@id":"https:\/\/www.watchinsanity.it\/#website"},"primaryImageOfPage":{"@id":"https:\/\/www.watchinsanity.it\/prodotto\/breguet-3057ba-perpetual-calendar\/#primaryimage"},"image":{"@id":"https:\/\/www.watchinsanity.it\/prodotto\/breguet-3057ba-perpetual-calendar\/#primaryimage"},"thumbnailUrl":"https:\/\/www.watchinsanity.it\/wp-content\/uploads\/2024\/09\/Breguet_Perpetual_Calendar_Ref.3057_Watch_Insanity_Pre_Loved_01.jpg","datePublished":"2024-09-04T08:35:20+00:00","dateModified":"2026-02-27T13:11:22+00:00","description":"Breguet 3057BA Perpetual Calendar in yellow, clous de Paris guilloch\u00e9 dial, automatic caliber with off-center oscillating weight.","breadcrumb":{"@id":"https:\/\/www.watchinsanity.it\/prodotto\/breguet-3057ba-perpetual-calendar\/#breadcrumb"},"inLanguage":"en-US","potentialAction":[{"@type":"ReadAction","target":["https:\/\/www.watchinsanity.it\/prodotto\/breguet-3057ba-perpetual-calendar\/"]}]},{"@type":"ImageObject","inLanguage":"en-US","@id":"https:\/\/www.watchinsanity.it\/prodotto\/breguet-3057ba-perpetual-calendar\/#primaryimage","url":"https:\/\/www.watchinsanity.it\/wp-content\/uploads\/2024\/09\/Breguet_Perpetual_Calendar_Ref.3057_Watch_Insanity_Pre_Loved_01.jpg","contentUrl":"https:\/\/www.watchinsanity.it\/wp-content\/uploads\/2024\/09\/Breguet_Perpetual_Calendar_Ref.3057_Watch_Insanity_Pre_Loved_01.jpg","width":1000,"height":1000},{"@type":"BreadcrumbList","@id":"https:\/\/www.watchinsanity.it\/prodotto\/breguet-3057ba-perpetual-calendar\/#breadcrumb","itemListElement":[{"@type":"ListItem","position":1,"name":"Home","item":"https:\/\/www.watchinsanity.it\/en\/"},{"@type":"ListItem","position":2,"name":"Shop","item":"https:\/\/www.watchinsanity.it\/?page_id=19111"},{"@type":"ListItem","position":3,"name":"Breguet Ref.3057BA Perpetual Calendar"}]},{"@type":"WebSite","@id":"https:\/\/www.watchinsanity.it\/#website","url":"https:\/\/www.watchinsanity.it\/","name":"WATCH INSANITY","description":"The leading Italian watch magazine","potentialAction":[{"@type":"SearchAction","target":{"@type":"EntryPoint","urlTemplate":"https:\/\/www.watchinsanity.it\/?s={search_term_string}"},"query-input":{"@type":"PropertyValueSpecification","valueRequired":true,"valueName":"search_term_string"}}],"inLanguage":"en-US"}]}},"_links":{"self":[{"href":"https:\/\/www.watchinsanity.it\/en\/wp-json\/wp\/v2\/product\/24163","targetHints":{"allow":["GET"]}}],"collection":[{"href":"https:\/\/www.watchinsanity.it\/en\/wp-json\/wp\/v2\/product"}],"about":[{"href":"https:\/\/www.watchinsanity.it\/en\/wp-json\/wp\/v2\/types\/product"}],"wp:featuredmedia":[{"embeddable":true,"href":"https:\/\/www.watchinsanity.it\/en\/wp-json\/wp\/v2\/media\/24164"}],"wp:attachment":[{"href":"https:\/\/www.watchinsanity.it\/en\/wp-json\/wp\/v2\/media?parent=24163"}],"wp:term":[{"taxonomy":"product_brand","embeddable":true,"href":"https:\/\/www.watchinsanity.it\/en\/wp-json\/wp\/v2\/product_brand?post=24163"},{"taxonomy":"product_cat","embeddable":true,"href":"https:\/\/www.watchinsanity.it\/en\/wp-json\/wp\/v2\/product_cat?post=24163"},{"taxonomy":"product_tag","embeddable":true,"href":"https:\/\/www.watchinsanity.it\/en\/wp-json\/wp\/v2\/product_tag?post=24163"}],"curies":[{"name":"wp","href":"https:\/\/api.w.org\/{rel}","templated":true}]}}